{"id":112,"date":"2016-02-20T17:04:17","date_gmt":"2016-02-20T16:04:17","guid":{"rendered":"http:\/\/marineverein-erfurt.de\/?page_id=112"},"modified":"2016-02-20T17:04:17","modified_gmt":"2016-02-20T16:04:17","slug":"impressum-2","status":"publish","type":"page","link":"https:\/\/www.xn--pferdetrnke-krummin-nwb.de\/?page_id=112","title":{"rendered":"Impressum"},"content":{"rendered":"\n<style type=\"text\/css\" data-created_by=\"avia_inline_auto\" id=\"style-css-av-e0oao-370c6d1d9ebc808d4a86d7c829a285fc\">\n.flex_column.av-e0oao-370c6d1d9ebc808d4a86d7c829a285fc{\nborder-radius:0px 0px 0px 0px;\npadding:0px 0px 0px 0px;\n}\n<\/style>\n<div  class='flex_column av-e0oao-370c6d1d9ebc808d4a86d7c829a285fc av_one_full  avia-builder-el-0  el_before_av_one_full  avia-builder-el-first  first flex_column_div av-zero-column-padding  '     ><p>\n<style type=\"text\/css\" data-created_by=\"avia_inline_auto\" id=\"style-css-av-av_heading-98e7a857a0eaaa8faa0139c097e3e674\">\n#top .av-special-heading.av-av_heading-98e7a857a0eaaa8faa0139c097e3e674{\npadding-bottom:10px;\n}\nbody .av-special-heading.av-av_heading-98e7a857a0eaaa8faa0139c097e3e674 .av-special-heading-tag .heading-char{\nfont-size:25px;\n}\n.av-special-heading.av-av_heading-98e7a857a0eaaa8faa0139c097e3e674 .av-subheading{\nfont-size:15px;\n}\n<\/style>\n<div  class='av-special-heading av-av_heading-98e7a857a0eaaa8faa0139c097e3e674 av-special-heading-h2 blockquote modern-quote modern-centered  avia-builder-el-1  el_before_av_textblock  avia-builder-el-first '><h2 class='av-special-heading-tag '  itemprop=\"headline\"  >Impressum<\/h2><div class='av-subheading av-subheading_below'><p>Angaben gem\u00e4\u00df \u00a7 5 TMG<\/p>\n<\/div><div class=\"special-heading-border\"><div class=\"special-heading-inner-border\"><\/div><\/div><\/div><br \/>\n<section  class='av_textblock_section av-aimhk-e75f8a34d57646a6608a8995b0e9c570 '   itemscope=\"itemscope\" itemtype=\"https:\/\/schema.org\/CreativeWork\" ><div class='avia_textblock'  itemprop=\"text\" ><p style=\"text-align: center;\"><strong>Zur Pferdetr\u00e4nke<\/strong><\/p>\n<p style=\"text-align: center;\">Inhaber: Ralf Reschke<br \/>\n(Einzelunternehmer)<br \/>\nAnschrift: Dorfstra\u00dfe 31<br \/>\n17440 Krummin<\/p>\n<p style=\"text-align: center;\">Telefon: 03836 \/ 23 10 23<br \/>\nMobil: 0173 \/ 600 85 10<br \/>\nE-Mail: info @ pferdetr\u00e4nke-krummin.de<\/p>\n<p style=\"text-align: center;\">Domains: www.pferdetr\u00e4nke-krummin.de<br \/>\nwww.pferdetraenke-krummin.de<\/p>\n<p style=\"text-align: center;\">Umsatzsteuer-Identifikationsnummer gem\u00e4\u00df \u00a7 27 a Umsatzsteuergesetz:<br \/>\nDE 999 999 999<br \/>\nVerantwortlich f\u00fcr den Inhalt nach \u00a7 55 Abs. 2 RStV<br \/>\nRalf Reschke<br \/>\nDorfstra\u00dfe 31<br \/>\n17440 Krummin<\/p>\n<p style=\"text-align: center;\"><strong>Streitschlichtung &#8211; Informationspflicht gem\u00e4\u00df \u00a7 36 VSBG<\/strong><br \/>\nWir sind nicht bereit oder verpflichtet, an Streitbeilegungsverfahren vor einer Verbraucherschlichtungsstelle teilzunehmen.<\/p>\n<p style=\"text-align: center;\"><strong>Haftung f\u00fcr Inhalte<\/strong><br \/>\nAls Diensteanbieter sind wir gem\u00e4\u00df \u00a7 7 Abs.1 TMG f\u00fcr eigene Inhalte auf diesen Seiten nach den<br \/>\nallgemeinen Gesetzen verantwortlich. Nach \u00a7\u00a7 8 bis 10 TMG sind wir als Diensteanbieter jedoch nicht<br \/>\nverpflichtet, \u00fcbermittelte oder gespeicherte fremde Informationen zu \u00fcberwachen oder nach Umst\u00e4nden zu<br \/>\nforschen, die auf eine rechtswidrige T\u00e4tigkeit hinweisen.<br \/>\nVerpflichtungen zur Entfernung oder Sperrung der Nutzung von Informationen nach den allgemeinen<br \/>\nGesetzen bleiben hiervon unber\u00fchrt. Eine diesbez\u00fcgliche Haftung ist jedoch erst ab dem Zeitpunkt der<br \/>\nKenntnis einer konkreten Rechtsverletzung m\u00f6glich. Bei Bekanntwerden von entsprechenden<br \/>\nRechtsverletzungen werden wir diese Inhalte umgehend entfernen.<\/p>\n<p style=\"text-align: center;\"><strong>Haftung f\u00fcr Links<\/strong><br \/>\nUnser Angebot enth\u00e4lt Links zu externen Websites Dritter, auf deren Inhalte wir keinen Einfluss haben.<br \/>\nDeshalb k\u00f6nnen wir f\u00fcr diese fremden Inhalte auch keine Gew\u00e4hr \u00fcbernehmen. F\u00fcr die Inhalte der<br \/>\nverlinkten Seiten ist stets der jeweilige Anbieter oder Betreiber der Seiten verantwortlich. Die verlinkten<br \/>\nSeiten wurden zum Zeitpunkt der Verlinkung auf m\u00f6gliche Rechtsverst\u00f6\u00dfe \u00fcberpr\u00fcft. Rechtswidrige Inhalte<br \/>\nwaren zum Zeitpunkt der Verlinkung nicht erkennbar.<br \/>\nEine permanente inhaltliche Kontrolle der verlinkten Seiten ist jedoch ohne konkrete Anhaltspunkte einer<br \/>\nRechtsverletzung nicht zumutbar. Bei Bekanntwerden von Rechtsverletzungen werden wir derartige Links<br \/>\numgehend entfernen.<\/p>\n<p style=\"text-align: center;\"><strong>Urheberrecht<\/strong><br \/>\nDie durch die Seitenbetreiber erstellten Inhalte und Werke auf diesen Seiten unterliegen dem deutschen<br \/>\nUrheberrecht. Die Vervielf\u00e4ltigung, Bearbeitung, Verbreitung und jede Art der Verwertung au\u00dferhalb der<br \/>\nGrenzen des Urheberrechtes bed\u00fcrfen der schriftlichen Zustimmung des jeweiligen Autors bzw. Erstellers.<br \/>\nDownloads und Kopien dieser Seite sind nur f\u00fcr den privaten, nicht kommerziellen Gebrauch gestattet.<br \/>\nSoweit die Inhalte auf dieser Seite nicht vom Betreiber erstellt wurden, werden die Urheberrechte Dritter<br \/>\nbeachtet. Insbesondere werden Inhalte Dritter als solche gekennzeichnet. Sollten Sie trotzdem auf eine<br \/>\nUrheberrechtsverletzung aufmerksam werden, bitten wir um einen entsprechenden Hinweis. Bei<br \/>\nBekanntwerden von Rechtsverletzungen werden wir derartige Inhalte umgehend entfernen.<\/p>\n<p style=\"text-align: center;\"><strong>Bildquellen<\/strong><br \/>\nFamilie Reschke, Creativverbung A.John<\/p>\n<p style=\"text-align: center;\">Quelle: eRecht24<\/p>\n<\/div><\/section><\/p><\/div>\n<style type=\"text\/css\" data-created_by=\"avia_inline_auto\" id=\"style-css-av-87s8g-45c2bb2f517ed111241a6702626c7140\">\n.flex_column.av-87s8g-45c2bb2f517ed111241a6702626c7140{\nborder-radius:0px 0px 0px 0px;\npadding:0px 0px 0px 0px;\n}\n<\/style>\n<div  class='flex_column av-87s8g-45c2bb2f517ed111241a6702626c7140 av_one_full  avia-builder-el-3  el_after_av_one_full  avia-builder-el-last  first flex_column_div av-zero-column-padding  column-top-margin'     ><style type=\"text\/css\" data-created_by=\"avia_inline_auto\" id=\"style-css-av-kbfc00he-3792222452a08b9ce269f1051eb24913\">\n#top .av_textblock_section.av-kbfc00he-3792222452a08b9ce269f1051eb24913 .avia_textblock{\nfont-size:9px;\n}\n<\/style>\n<section  class='av_textblock_section av-kbfc00he-3792222452a08b9ce269f1051eb24913 '   itemscope=\"itemscope\" itemtype=\"https:\/\/schema.org\/CreativeWork\" ><div class='avia_textblock'  itemprop=\"text\" ><p style=\"text-align: center;\">Die Datenschutzerkl\u00e4rung wurde mit dem\u00a0Datenschutzerkl\u00e4rungs-Generator der activeMind AG erstellt.<\/p>\n<\/div><\/section><\/div><\/p>\n","protected":false},"excerpt":{"rendered":"","protected":false},"author":1,"featured_media":0,"parent":0,"menu_order":0,"comment_status":"closed","ping_status":"closed","template":"","meta":{"footnotes":""},"class_list":["post-112","page","type-page","status-publish","hentry"],"_links":{"self":[{"href":"https:\/\/www.xn--pferdetrnke-krummin-nwb.de\/index.php?rest_route=\/wp\/v2\/pages\/112","targetHints":{"allow":["GET"]}}],"collection":[{"href":"https:\/\/www.xn--pferdetrnke-krummin-nwb.de\/index.php?rest_route=\/wp\/v2\/pages"}],"about":[{"href":"https:\/\/www.xn--pferdetrnke-krummin-nwb.de\/index.php?rest_route=\/wp\/v2\/types\/page"}],"author":[{"embeddable":true,"href":"https:\/\/www.xn--pferdetrnke-krummin-nwb.de\/index.php?rest_route=\/wp\/v2\/users\/1"}],"replies":[{"embeddable":true,"href":"https:\/\/www.xn--pferdetrnke-krummin-nwb.de\/index.php?rest_route=%2Fwp%2Fv2%2Fcomments&post=112"}],"version-history":[{"count":0,"href":"https:\/\/www.xn--pferdetrnke-krummin-nwb.de\/index.php?rest_route=\/wp\/v2\/pages\/112\/revisions"}],"wp:attachment":[{"href":"https:\/\/www.xn--pferdetrnke-krummin-nwb.de\/index.php?rest_route=%2Fwp%2Fv2%2Fmedia&parent=112"}],"curies":[{"name":"wp","href":"https:\/\/api.w.org\/{rel}","templated":true}]}}