{"id":12778,"date":"2020-06-14T15:53:24","date_gmt":"2020-06-14T15:53:24","guid":{"rendered":"https:\/\/www.xn--pferdetrnke-krummin-nwb.de\/?page_id=12778"},"modified":"2023-09-02T19:26:15","modified_gmt":"2023-09-02T17:26:15","slug":"willkommen","status":"publish","type":"page","link":"https:\/\/www.xn--pferdetrnke-krummin-nwb.de\/","title":{"rendered":"Willkommen"},"content":{"rendered":"<p><div id='full_slider_1'  class='avia-fullwidth-slider main_color avia-shadow   avia-builder-el-0  el_before_av_one_fifth  avia-builder-el-first   container_wrap sidebar_right'  ><div  class='avia-slideshow av-1lret9m-2f1830362d8db923d2b7fe45b65f498c avia-slideshow-no scaling av_slideshow_full avia-fade-slider av-slideshow-ui av-control-hidden av-no-slider-navigation av-hide-nav-arrows av-slideshow-autoplay av-loop-endless av-loop-manual-endless av-default-height-applied  image_no_stretch avia-slideshow-1' data-slideshow-options=\"{&quot;animation&quot;:&quot;fade&quot;,&quot;autoplay&quot;:true,&quot;loop_autoplay&quot;:&quot;endless&quot;,&quot;interval&quot;:7,&quot;loop_manual&quot;:&quot;manual-endless&quot;,&quot;autoplay_stopper&quot;:false,&quot;noNavigation&quot;:true,&quot;bg_slider&quot;:false,&quot;transitionSpeed&quot;:4000,&quot;keep_padding&quot;:false,&quot;hoverpause&quot;:false,&quot;show_slide_delay&quot;:0}\"  itemprop=\"image\" itemscope=\"itemscope\" itemtype=\"https:\/\/schema.org\/ImageObject\" ><ul class='avia-slideshow-inner ' style='padding-bottom: 43.563902885937%;'><li  class='avia-slideshow-slide av-1lret9m-2f1830362d8db923d2b7fe45b65f498c__0  slide-1 slide-odd'><div data-rel='slideshow-1' class='avia-slide-wrap '   ><img decoding=\"async\" fetchpriority=\"high\" class=\"wp-image-13306 avia-img-lazy-loading-not-13306\"  src=\"https:\/\/www.xn--pferdetrnke-krummin-nwb.de\/wp-content\/uploads\/2022\/03\/Haus.jpg\" width=\"2183\" height=\"951\" title='Haus' alt=''  itemprop=\"thumbnailUrl\" srcset=\"https:\/\/www.xn--pferdetrnke-krummin-nwb.de\/wp-content\/uploads\/2022\/03\/Haus.jpg 2183w, https:\/\/www.xn--pferdetrnke-krummin-nwb.de\/wp-content\/uploads\/2022\/03\/Haus-300x131.jpg 300w, https:\/\/www.xn--pferdetrnke-krummin-nwb.de\/wp-content\/uploads\/2022\/03\/Haus-1024x446.jpg 1024w, https:\/\/www.xn--pferdetrnke-krummin-nwb.de\/wp-content\/uploads\/2022\/03\/Haus-768x335.jpg 768w, https:\/\/www.xn--pferdetrnke-krummin-nwb.de\/wp-content\/uploads\/2022\/03\/Haus-1536x669.jpg 1536w, https:\/\/www.xn--pferdetrnke-krummin-nwb.de\/wp-content\/uploads\/2022\/03\/Haus-2048x892.jpg 2048w, https:\/\/www.xn--pferdetrnke-krummin-nwb.de\/wp-content\/uploads\/2022\/03\/Haus-1500x653.jpg 1500w, https:\/\/www.xn--pferdetrnke-krummin-nwb.de\/wp-content\/uploads\/2022\/03\/Haus-705x307.jpg 705w\" sizes=\"(max-width: 2183px) 100vw, 2183px\" \/><\/div><\/li><li  class='avia-slideshow-slide av-1lret9m-2f1830362d8db923d2b7fe45b65f498c__1  slide-2 slide-even'><div data-rel='slideshow-1' class='avia-slide-wrap '   ><img decoding=\"async\" fetchpriority=\"high\" class=\"wp-image-13308 avia-img-lazy-loading-not-13308\"  src=\"https:\/\/www.xn--pferdetrnke-krummin-nwb.de\/wp-content\/uploads\/2022\/03\/Pferde.jpg\" width=\"2183\" height=\"951\" title='Pferde' alt=''  itemprop=\"thumbnailUrl\" srcset=\"https:\/\/www.xn--pferdetrnke-krummin-nwb.de\/wp-content\/uploads\/2022\/03\/Pferde.jpg 2183w, https:\/\/www.xn--pferdetrnke-krummin-nwb.de\/wp-content\/uploads\/2022\/03\/Pferde-300x131.jpg 300w, https:\/\/www.xn--pferdetrnke-krummin-nwb.de\/wp-content\/uploads\/2022\/03\/Pferde-1024x446.jpg 1024w, https:\/\/www.xn--pferdetrnke-krummin-nwb.de\/wp-content\/uploads\/2022\/03\/Pferde-768x335.jpg 768w, https:\/\/www.xn--pferdetrnke-krummin-nwb.de\/wp-content\/uploads\/2022\/03\/Pferde-1536x669.jpg 1536w, https:\/\/www.xn--pferdetrnke-krummin-nwb.de\/wp-content\/uploads\/2022\/03\/Pferde-2048x892.jpg 2048w, https:\/\/www.xn--pferdetrnke-krummin-nwb.de\/wp-content\/uploads\/2022\/03\/Pferde-1500x653.jpg 1500w, https:\/\/www.xn--pferdetrnke-krummin-nwb.de\/wp-content\/uploads\/2022\/03\/Pferde-705x307.jpg 705w\" sizes=\"(max-width: 2183px) 100vw, 2183px\" \/><\/div><\/li><li  class='avia-slideshow-slide av-1lret9m-2f1830362d8db923d2b7fe45b65f498c__2  slide-3 slide-odd'><div data-rel='slideshow-1' class='avia-slide-wrap '   ><img decoding=\"async\" fetchpriority=\"high\" class=\"wp-image-13307 avia-img-lazy-loading-not-13307\"  src=\"https:\/\/www.xn--pferdetrnke-krummin-nwb.de\/wp-content\/uploads\/2022\/03\/Krummin1.jpg\" width=\"2183\" height=\"951\" title='Krummin1' alt=''  itemprop=\"thumbnailUrl\" srcset=\"https:\/\/www.xn--pferdetrnke-krummin-nwb.de\/wp-content\/uploads\/2022\/03\/Krummin1.jpg 2183w, https:\/\/www.xn--pferdetrnke-krummin-nwb.de\/wp-content\/uploads\/2022\/03\/Krummin1-300x131.jpg 300w, https:\/\/www.xn--pferdetrnke-krummin-nwb.de\/wp-content\/uploads\/2022\/03\/Krummin1-1024x446.jpg 1024w, https:\/\/www.xn--pferdetrnke-krummin-nwb.de\/wp-content\/uploads\/2022\/03\/Krummin1-768x335.jpg 768w, https:\/\/www.xn--pferdetrnke-krummin-nwb.de\/wp-content\/uploads\/2022\/03\/Krummin1-1536x669.jpg 1536w, https:\/\/www.xn--pferdetrnke-krummin-nwb.de\/wp-content\/uploads\/2022\/03\/Krummin1-2048x892.jpg 2048w, https:\/\/www.xn--pferdetrnke-krummin-nwb.de\/wp-content\/uploads\/2022\/03\/Krummin1-1500x653.jpg 1500w, https:\/\/www.xn--pferdetrnke-krummin-nwb.de\/wp-content\/uploads\/2022\/03\/Krummin1-705x307.jpg 705w\" sizes=\"(max-width: 2183px) 100vw, 2183px\" \/><\/div><\/li><li  class='avia-slideshow-slide av-1lret9m-2f1830362d8db923d2b7fe45b65f498c__3  slide-4 slide-even'><div data-rel='slideshow-1' class='avia-slide-wrap '   ><img decoding=\"async\" fetchpriority=\"high\" class=\"wp-image-13305 avia-img-lazy-loading-not-13305\"  src=\"https:\/\/www.xn--pferdetrnke-krummin-nwb.de\/wp-content\/uploads\/2022\/03\/Gaststube.jpg\" width=\"2183\" height=\"951\" title='Gaststube' alt=''  itemprop=\"thumbnailUrl\" srcset=\"https:\/\/www.xn--pferdetrnke-krummin-nwb.de\/wp-content\/uploads\/2022\/03\/Gaststube.jpg 2183w, https:\/\/www.xn--pferdetrnke-krummin-nwb.de\/wp-content\/uploads\/2022\/03\/Gaststube-300x131.jpg 300w, https:\/\/www.xn--pferdetrnke-krummin-nwb.de\/wp-content\/uploads\/2022\/03\/Gaststube-1024x446.jpg 1024w, https:\/\/www.xn--pferdetrnke-krummin-nwb.de\/wp-content\/uploads\/2022\/03\/Gaststube-768x335.jpg 768w, https:\/\/www.xn--pferdetrnke-krummin-nwb.de\/wp-content\/uploads\/2022\/03\/Gaststube-1536x669.jpg 1536w, https:\/\/www.xn--pferdetrnke-krummin-nwb.de\/wp-content\/uploads\/2022\/03\/Gaststube-2048x892.jpg 2048w, https:\/\/www.xn--pferdetrnke-krummin-nwb.de\/wp-content\/uploads\/2022\/03\/Gaststube-1500x653.jpg 1500w, https:\/\/www.xn--pferdetrnke-krummin-nwb.de\/wp-content\/uploads\/2022\/03\/Gaststube-705x307.jpg 705w\" sizes=\"(max-width: 2183px) 100vw, 2183px\" \/><\/div><\/li><li  class='avia-slideshow-slide av-1lret9m-2f1830362d8db923d2b7fe45b65f498c__4  slide-5 slide-odd'><div data-rel='slideshow-1' class='avia-slide-wrap '   ><img decoding=\"async\" fetchpriority=\"high\" class=\"wp-image-13304 avia-img-lazy-loading-not-13304\"  src=\"https:\/\/www.xn--pferdetrnke-krummin-nwb.de\/wp-content\/uploads\/2022\/03\/Garten3.jpg\" width=\"2183\" height=\"951\" title='Garten3' alt=''  itemprop=\"thumbnailUrl\" srcset=\"https:\/\/www.xn--pferdetrnke-krummin-nwb.de\/wp-content\/uploads\/2022\/03\/Garten3.jpg 2183w, https:\/\/www.xn--pferdetrnke-krummin-nwb.de\/wp-content\/uploads\/2022\/03\/Garten3-300x131.jpg 300w, https:\/\/www.xn--pferdetrnke-krummin-nwb.de\/wp-content\/uploads\/2022\/03\/Garten3-1024x446.jpg 1024w, https:\/\/www.xn--pferdetrnke-krummin-nwb.de\/wp-content\/uploads\/2022\/03\/Garten3-768x335.jpg 768w, https:\/\/www.xn--pferdetrnke-krummin-nwb.de\/wp-content\/uploads\/2022\/03\/Garten3-1536x669.jpg 1536w, https:\/\/www.xn--pferdetrnke-krummin-nwb.de\/wp-content\/uploads\/2022\/03\/Garten3-2048x892.jpg 2048w, https:\/\/www.xn--pferdetrnke-krummin-nwb.de\/wp-content\/uploads\/2022\/03\/Garten3-1500x653.jpg 1500w, https:\/\/www.xn--pferdetrnke-krummin-nwb.de\/wp-content\/uploads\/2022\/03\/Garten3-705x307.jpg 705w\" sizes=\"(max-width: 2183px) 100vw, 2183px\" \/><\/div><\/li><li  class='avia-slideshow-slide av-1lret9m-2f1830362d8db923d2b7fe45b65f498c__5  slide-6 slide-even'><div data-rel='slideshow-1' class='avia-slide-wrap '   ><img decoding=\"async\" fetchpriority=\"high\" class=\"wp-image-13303 avia-img-lazy-loading-not-13303\"  src=\"https:\/\/www.xn--pferdetrnke-krummin-nwb.de\/wp-content\/uploads\/2022\/03\/Garten2.jpg\" width=\"2183\" height=\"951\" title='Garten2' alt=''  itemprop=\"thumbnailUrl\" srcset=\"https:\/\/www.xn--pferdetrnke-krummin-nwb.de\/wp-content\/uploads\/2022\/03\/Garten2.jpg 2183w, https:\/\/www.xn--pferdetrnke-krummin-nwb.de\/wp-content\/uploads\/2022\/03\/Garten2-300x131.jpg 300w, https:\/\/www.xn--pferdetrnke-krummin-nwb.de\/wp-content\/uploads\/2022\/03\/Garten2-1024x446.jpg 1024w, https:\/\/www.xn--pferdetrnke-krummin-nwb.de\/wp-content\/uploads\/2022\/03\/Garten2-768x335.jpg 768w, https:\/\/www.xn--pferdetrnke-krummin-nwb.de\/wp-content\/uploads\/2022\/03\/Garten2-1536x669.jpg 1536w, https:\/\/www.xn--pferdetrnke-krummin-nwb.de\/wp-content\/uploads\/2022\/03\/Garten2-2048x892.jpg 2048w, https:\/\/www.xn--pferdetrnke-krummin-nwb.de\/wp-content\/uploads\/2022\/03\/Garten2-1500x653.jpg 1500w, https:\/\/www.xn--pferdetrnke-krummin-nwb.de\/wp-content\/uploads\/2022\/03\/Garten2-705x307.jpg 705w\" sizes=\"(max-width: 2183px) 100vw, 2183px\" \/><\/div><\/li><li  class='avia-slideshow-slide av-1lret9m-2f1830362d8db923d2b7fe45b65f498c__6  slide-7 slide-odd'><div data-rel='slideshow-1' class='avia-slide-wrap '   ><img decoding=\"async\" fetchpriority=\"high\" class=\"wp-image-13302 avia-img-lazy-loading-not-13302\"  src=\"https:\/\/www.xn--pferdetrnke-krummin-nwb.de\/wp-content\/uploads\/2022\/03\/Garten1.jpg\" width=\"2183\" height=\"951\" title='Garten1' alt=''  itemprop=\"thumbnailUrl\" srcset=\"https:\/\/www.xn--pferdetrnke-krummin-nwb.de\/wp-content\/uploads\/2022\/03\/Garten1.jpg 2183w, https:\/\/www.xn--pferdetrnke-krummin-nwb.de\/wp-content\/uploads\/2022\/03\/Garten1-300x131.jpg 300w, https:\/\/www.xn--pferdetrnke-krummin-nwb.de\/wp-content\/uploads\/2022\/03\/Garten1-1024x446.jpg 1024w, https:\/\/www.xn--pferdetrnke-krummin-nwb.de\/wp-content\/uploads\/2022\/03\/Garten1-768x335.jpg 768w, https:\/\/www.xn--pferdetrnke-krummin-nwb.de\/wp-content\/uploads\/2022\/03\/Garten1-1536x669.jpg 1536w, https:\/\/www.xn--pferdetrnke-krummin-nwb.de\/wp-content\/uploads\/2022\/03\/Garten1-2048x892.jpg 2048w, https:\/\/www.xn--pferdetrnke-krummin-nwb.de\/wp-content\/uploads\/2022\/03\/Garten1-1500x653.jpg 1500w, https:\/\/www.xn--pferdetrnke-krummin-nwb.de\/wp-content\/uploads\/2022\/03\/Garten1-705x307.jpg 705w\" sizes=\"(max-width: 2183px) 100vw, 2183px\" \/><\/div><\/li><li  class='avia-slideshow-slide av-1lret9m-2f1830362d8db923d2b7fe45b65f498c__7  slide-8 slide-even'><div data-rel='slideshow-1' class='avia-slide-wrap '   ><img decoding=\"async\" fetchpriority=\"high\" class=\"wp-image-13301 avia-img-lazy-loading-not-13301\"  src=\"https:\/\/www.xn--pferdetrnke-krummin-nwb.de\/wp-content\/uploads\/2022\/03\/Garten.jpg\" width=\"2183\" height=\"951\" title='Garten' alt=''  itemprop=\"thumbnailUrl\" srcset=\"https:\/\/www.xn--pferdetrnke-krummin-nwb.de\/wp-content\/uploads\/2022\/03\/Garten.jpg 2183w, https:\/\/www.xn--pferdetrnke-krummin-nwb.de\/wp-content\/uploads\/2022\/03\/Garten-300x131.jpg 300w, https:\/\/www.xn--pferdetrnke-krummin-nwb.de\/wp-content\/uploads\/2022\/03\/Garten-1024x446.jpg 1024w, https:\/\/www.xn--pferdetrnke-krummin-nwb.de\/wp-content\/uploads\/2022\/03\/Garten-768x335.jpg 768w, https:\/\/www.xn--pferdetrnke-krummin-nwb.de\/wp-content\/uploads\/2022\/03\/Garten-1536x669.jpg 1536w, https:\/\/www.xn--pferdetrnke-krummin-nwb.de\/wp-content\/uploads\/2022\/03\/Garten-2048x892.jpg 2048w, https:\/\/www.xn--pferdetrnke-krummin-nwb.de\/wp-content\/uploads\/2022\/03\/Garten-1500x653.jpg 1500w, https:\/\/www.xn--pferdetrnke-krummin-nwb.de\/wp-content\/uploads\/2022\/03\/Garten-705x307.jpg 705w\" sizes=\"(max-width: 2183px) 100vw, 2183px\" \/><\/div><\/li><\/ul><div class='avia-slideshow-arrows avia-slideshow-controls' ><a href='#prev' class='prev-slide  avia-svg-icon avia-font-svg_entypo-fontello' data-av_svg_icon='left-open-big' data-av_iconset='svg_entypo-fontello' tabindex='-1' title=\"Zur\u00fcck\"><svg version=\"1.1\" xmlns=\"http:\/\/www.w3.org\/2000\/svg\" width=\"15\" height=\"32\" viewBox=\"0 0 15 32\" preserveAspectRatio=\"xMidYMid meet\" aria-labelledby='av-svg-title-1' aria-describedby='av-svg-desc-1' role=\"graphics-symbol\" aria-hidden=\"true\">\n<title id='av-svg-title-1'>Zur\u00fcck<\/title>\n<desc id='av-svg-desc-1'>Zur\u00fcck<\/desc>\n<path d=\"M14.464 27.84q0.832 0.832 0 1.536-0.832 0.832-1.536 0l-12.544-12.608q-0.768-0.768 0-1.6l12.544-12.608q0.704-0.832 1.536 0 0.832 0.704 0 1.536l-11.456 11.904z\"><\/path>\n<\/svg><span class='avia_hidden_link_text'>Zur\u00fcck<\/span><\/a><a href='#next' class='next-slide  avia-svg-icon avia-font-svg_entypo-fontello' data-av_svg_icon='right-open-big' data-av_iconset='svg_entypo-fontello' tabindex='-1' title=\"Weiter\"><svg version=\"1.1\" xmlns=\"http:\/\/www.w3.org\/2000\/svg\" width=\"15\" height=\"32\" viewBox=\"0 0 15 32\" preserveAspectRatio=\"xMidYMid meet\" aria-labelledby='av-svg-title-2' aria-describedby='av-svg-desc-2' role=\"graphics-symbol\" aria-hidden=\"true\">\n<title id='av-svg-title-2'>Weiter<\/title>\n<desc id='av-svg-desc-2'>Weiter<\/desc>\n<path d=\"M0.416 27.84l11.456-11.84-11.456-11.904q-0.832-0.832 0-1.536 0.832-0.832 1.536 0l12.544 12.608q0.768 0.832 0 1.6l-12.544 12.608q-0.704 0.832-1.536 0-0.832-0.704 0-1.536z\"><\/path>\n<\/svg><span class='avia_hidden_link_text'>Weiter<\/span><\/a><\/div><\/div><\/div><div id='after_full_slider_1'  class='main_color av_default_container_wrap container_wrap sidebar_right'  ><div class='container av-section-cont-open' ><div class='template-page content  av-content-small alpha units'><div class='post-entry post-entry-type-page post-entry-12778'><div class='entry-content-wrapper clearfix'> \n<style type=\"text\/css\" data-created_by=\"avia_inline_auto\" id=\"style-css-av-19oo3ca-80de5a922fbdd4ab13cc69fded23d600\">\n.flex_column.av-19oo3ca-80de5a922fbdd4ab13cc69fded23d600{\nborder-radius:0px 0px 0px 0px;\npadding:0px 0px 0px 0px;\n}\n<\/style>\n<div  class='flex_column av-19oo3ca-80de5a922fbdd4ab13cc69fded23d600 av_one_fifth  avia-builder-el-1  el_after_av_slideshow_full  el_before_av_three_fourth  avia-builder-el-first  first flex_column_div av-zero-column-padding  '     ><\/div> \n<style type=\"text\/css\" data-created_by=\"avia_inline_auto\" id=\"style-css-av-1uxe96-1eac596ab1724c5ce503ada9d4813e6f\">\n.flex_column.av-1uxe96-1eac596ab1724c5ce503ada9d4813e6f{\nborder-radius:0px 0px 0px 0px;\npadding:0px 0px 0px 0px;\n}\n<\/style>\n<div  class='flex_column av-1uxe96-1eac596ab1724c5ce503ada9d4813e6f av_three_fourth  avia-builder-el-2  el_after_av_one_fifth  avia-builder-el-last  flex_column_div av-zero-column-padding  '     ><p> \n<style type=\"text\/css\" data-created_by=\"avia_inline_auto\" id=\"style-css-av-viywcq-f07c65ec7154b269d8f9e384442799b2\">\n#top .av-special-heading.av-viywcq-f07c65ec7154b269d8f9e384442799b2{\npadding-bottom:10px;\n}\nbody .av-special-heading.av-viywcq-f07c65ec7154b269d8f9e384442799b2 .av-special-heading-tag .heading-char{\nfont-size:25px;\n}\n.av-special-heading.av-viywcq-f07c65ec7154b269d8f9e384442799b2 .av-subheading{\nfont-size:15px;\n}\n<\/style>\n<div  class='av-special-heading av-viywcq-f07c65ec7154b269d8f9e384442799b2 av-special-heading-h1 blockquote classic-quote  avia-builder-el-3  el_before_av_textblock  avia-builder-el-first '><h1 class='av-special-heading-tag '  itemprop=\"headline\"  >Liebe Freunde der Pferdetr\u00e4nke<\/h1><div class=\"special-heading-border\"><div class=\"special-heading-inner-border\"><\/div><\/div><\/div> <section  class='av_textblock_section av-qzrzfu-6e5a13f7b2e6bd70be734d8e811e88a2 '   itemscope=\"itemscope\" itemtype=\"https:\/\/schema.org\/CreativeWork\" ><div class='avia_textblock'  itemprop=\"text\" ><p style=\"text-align: center;\">Unser Ausflugslokal ist ein liebevoll hergerichtetes Fleckchen Erde, eingebettet in traumhafter Natur auf der Sonneninsel Usedom.<\/p>\n<p style=\"text-align: center;\">Wir m\u00f6chten Ihnen eine sch\u00f6ne Zeit zum verweilen und genie\u00dfen bieten.<\/p>\n<p style=\"text-align: center;\">Unser Lokal ist l\u00e4ndlich-gediegen hergerichtet. Der bunte Garten mit vielen Blumen hat viele gem\u00fctlichen Sitzgelegenheiten, f\u00fcr die kleinen ein Kinderspielplatz und f\u00fcr jedes Alter ein Streichelgehege mit Eseln und Ziegen. Ein rustikaler beheizbarer Wintergarten bietet auch viel Platz bei weniger sch\u00f6nem Wetter.<\/p>\n<p style=\"text-align: center;\">Neben auserw\u00e4hlten Speisen, Wildspezilit\u00e4ten, Getr\u00e4nken und regionalen Produkten gibt es auch leckere \u00dcberraschungen aus dem Steinbackofen.<\/p>\n<p style=\"text-align: center;\">Unbedingt probieren sollten Sie von der Privatbrauerei zu Heringsdorf das Inselbier und die dazugeh\u00f6rigen edlen Usedomer Geister.<\/p>\n<p style=\"text-align: center;\">Passend dazu unsere K\u00e4sevariationen aus der K\u00e4serei Z\u00fcssow und der Schafscheune Vietschow.<\/p>\n<\/div><\/section>  <\/p><\/div><\/p>\n","protected":false},"excerpt":{"rendered":"","protected":false},"author":1,"featured_media":0,"parent":0,"menu_order":0,"comment_status":"closed","ping_status":"closed","template":"","meta":{"footnotes":""},"class_list":["post-12778","page","type-page","status-publish","hentry"],"_links":{"self":[{"href":"https:\/\/www.xn--pferdetrnke-krummin-nwb.de\/index.php?rest_route=\/wp\/v2\/pages\/12778","targetHints":{"allow":["GET"]}}],"collection":[{"href":"https:\/\/www.xn--pferdetrnke-krummin-nwb.de\/index.php?rest_route=\/wp\/v2\/pages"}],"about":[{"href":"https:\/\/www.xn--pferdetrnke-krummin-nwb.de\/index.php?rest_route=\/wp\/v2\/types\/page"}],"author":[{"embeddable":true,"href":"https:\/\/www.xn--pferdetrnke-krummin-nwb.de\/index.php?rest_route=\/wp\/v2\/users\/1"}],"replies":[{"embeddable":true,"href":"https:\/\/www.xn--pferdetrnke-krummin-nwb.de\/index.php?rest_route=%2Fwp%2Fv2%2Fcomments&post=12778"}],"version-history":[{"count":32,"href":"https:\/\/www.xn--pferdetrnke-krummin-nwb.de\/index.php?rest_route=\/wp\/v2\/pages\/12778\/revisions"}],"predecessor-version":[{"id":13402,"href":"https:\/\/www.xn--pferdetrnke-krummin-nwb.de\/index.php?rest_route=\/wp\/v2\/pages\/12778\/revisions\/13402"}],"wp:attachment":[{"href":"https:\/\/www.xn--pferdetrnke-krummin-nwb.de\/index.php?rest_route=%2Fwp%2Fv2%2Fmedia&parent=12778"}],"curies":[{"name":"wp","href":"https:\/\/api.w.org\/{rel}","templated":true}]}}