{"id":13371,"date":"2022-06-12T20:27:56","date_gmt":"2022-06-12T18:27:56","guid":{"rendered":"https:\/\/www.xn--pferdetrnke-krummin-nwb.de\/?page_id=13371"},"modified":"2022-06-12T20:30:08","modified_gmt":"2022-06-12T18:30:08","slug":"stennenanzeige","status":"publish","type":"page","link":"https:\/\/www.xn--pferdetrnke-krummin-nwb.de\/?page_id=13371","title":{"rendered":"Stennenanzeige"},"content":{"rendered":"\n<style type=\"text\/css\" data-created_by=\"avia_inline_auto\" id=\"style-css-av-l4bmyi9t-373981a6304de84d44e8d4583daf310a\">\n#top .av-special-heading.av-l4bmyi9t-373981a6304de84d44e8d4583daf310a{\npadding-bottom:10px;\nfont-size:4vw;\n}\nbody .av-special-heading.av-l4bmyi9t-373981a6304de84d44e8d4583daf310a .av-special-heading-tag .heading-char{\nfont-size:25px;\n}\n#top #wrap_all .av-special-heading.av-l4bmyi9t-373981a6304de84d44e8d4583daf310a .av-special-heading-tag{\nfont-size:4vw;\n}\n.av-special-heading.av-l4bmyi9t-373981a6304de84d44e8d4583daf310a .av-subheading{\nfont-size:15px;\n}\n\n@media only screen and (min-width: 480px) and (max-width: 767px){ \n#top #wrap_all .av-special-heading.av-l4bmyi9t-373981a6304de84d44e8d4583daf310a .av-special-heading-tag{\nfont-size:0.8em;\n}\n}\n\n@media only screen and (max-width: 479px){ \n#top #wrap_all .av-special-heading.av-l4bmyi9t-373981a6304de84d44e8d4583daf310a .av-special-heading-tag{\nfont-size:0.8em;\n}\n}\n<\/style>\n<div  class='av-special-heading av-l4bmyi9t-373981a6304de84d44e8d4583daf310a av-special-heading-h3 blockquote classic-quote  avia-builder-el-0  el_before_av_image  avia-builder-el-first  av-inherit-size'><h3 class='av-special-heading-tag '  itemprop=\"headline\"  >Meine Bewerbung als Chef dieses wunderbaren Gartenlokals f\u00fcr eine Servicekraft!<\/h3><div class='av-subheading av-subheading_below'><p>m \/ w \/ d<\/p>\n<\/div><div class=\"special-heading-border\"><div class=\"special-heading-inner-border\"><\/div><\/div><\/div>\n\n<style type=\"text\/css\" data-created_by=\"avia_inline_auto\" id=\"style-css-av-l4bn1ynu-b608e4843ba4d6363c07214ac772a9a5\">\n.avia-image-container.av-l4bn1ynu-b608e4843ba4d6363c07214ac772a9a5 img.avia_image{\nbox-shadow:none;\n}\n.avia-image-container.av-l4bn1ynu-b608e4843ba4d6363c07214ac772a9a5 .av-image-caption-overlay-center{\ncolor:#ffffff;\n}\n<\/style>\n<div  class='avia-image-container av-l4bn1ynu-b608e4843ba4d6363c07214ac772a9a5 av-styling- avia-align-center  avia-builder-el-1  el_after_av_heading  el_before_av_textblock '   itemprop=\"image\" itemscope=\"itemscope\" itemtype=\"https:\/\/schema.org\/ImageObject\" ><div class=\"avia-image-container-inner\"><div class=\"avia-image-overlay-wrap\"><img decoding=\"async\" fetchpriority=\"high\" class='wp-image-13375 avia-img-lazy-loading-not-13375 avia_image ' src=\"https:\/\/www.xn--pferdetrnke-krummin-nwb.de\/wp-content\/uploads\/2022\/06\/Job-710x375.jpg\" alt='' title='Job'  height=\"375\" width=\"710\"  itemprop=\"thumbnailUrl\"  \/><\/div><\/div><\/div>\n<section  class='av_textblock_section av-l4bmunx4-84880b8d9b2c83076970ddd3f2975a5b '   itemscope=\"itemscope\" itemtype=\"https:\/\/schema.org\/CreativeWork\" ><div class='avia_textblock'  itemprop=\"text\" ><div class=\"kvgmc6g5 cxmmr5t8 oygrvhab hcukyx3x c1et5uql ii04i59q\">\n<div dir=\"auto\" style=\"text-align: center;\">Haben Sie ihr Herz am richtigen Fleck und m\u00f6gen gutes Essen?<\/div>\n<div dir=\"auto\" style=\"text-align: center;\">K\u00f6nnen Sie langj\u00e4hrigen Stammg\u00e4sten genauso liebevoll, wie Touristen von \u00fcberall, unser regionales Angebot schmackhaft machen?<\/div>\n<div dir=\"auto\" style=\"text-align: center;\">Haben Sie dieselben Ambitionen und freuen sich auf G\u00e4ste, die mit einem L\u00e4cheln unseren Garten verlassen?<\/div>\n<div dir=\"auto\"><\/div>\n<\/div>\n<div class=\"cxmmr5t8 oygrvhab hcukyx3x c1et5uql o9v6fnle ii04i59q\" style=\"text-align: center;\">\n<div dir=\"auto\">Dann bewerbe ich mich als Ihr neuer Chef.<\/div>\n<div dir=\"auto\"><\/div>\n<\/div>\n<div class=\"cxmmr5t8 oygrvhab hcukyx3x c1et5uql o9v6fnle ii04i59q\" style=\"text-align: center;\">\n<div dir=\"auto\">Mein Name ist Ralf Reschke und ich bin Inhaber der Pferdetr\u00e4nke in Krummin.<\/div>\n<div dir=\"auto\">Wir sind ein famili\u00e4res Team, das Herzlichkeit und Gastfreundschaft lebt.<\/div>\n<div dir=\"auto\">F\u00fcr unser kleines, gem\u00fctliches Gartenlokal \u201eZur Pferdetr\u00e4nke\u201c in Krummin suchen wir ab sofort einen herzlichen, aufgeschlossenen Mitarbeiter*in f\u00fcr den Bereich Service in Voll- oder Teilzeit.<\/div>\n<\/div>\n<div class=\"cxmmr5t8 oygrvhab hcukyx3x c1et5uql o9v6fnle ii04i59q\" style=\"text-align: center;\">\n<div dir=\"auto\">Unsere Arbeitszeiten liegen zwischen 11:00 Uhr und 18:00 Uhr, k\u00f6nnen allerdings variieren.<\/div>\n<div dir=\"auto\"><\/div>\n<\/div>\n<div class=\"cxmmr5t8 oygrvhab hcukyx3x c1et5uql o9v6fnle ii04i59q\" style=\"text-align: center;\">\n<div dir=\"auto\">Die Arbeit wird ordentlich und fair bezahlt! Einzelheiten hierzu werden im pers\u00f6nlich Gespr\u00e4ch abgesprochen.<\/div>\n<\/div>\n<div class=\"cxmmr5t8 oygrvhab hcukyx3x c1et5uql o9v6fnle ii04i59q\" style=\"text-align: center;\">\n<div dir=\"auto\">Eine fachspezifische Ausbildung ist nicht notwendig, Tresenerfahrung ist zwar ein Vorteil aber keine Bedingung.<\/div>\n<\/div>\n<div class=\"cxmmr5t8 oygrvhab hcukyx3x c1et5uql o9v6fnle ii04i59q\" style=\"text-align: center;\">\n<div dir=\"auto\">Sollte ich Ihr Interesse geweckt haben, dann melden Sie sich doch einfach bei mir via Facebook, Telefon, E-mail oder kommen vorbei!!<\/div>\n<\/div>\n<div class=\"cxmmr5t8 oygrvhab hcukyx3x c1et5uql o9v6fnle ii04i59q\" style=\"text-align: center;\">\n<div dir=\"auto\">Hochachtungsvoll<\/div>\n<div dir=\"auto\">Ihr neuer Chef &#038; Arbeitskollege<\/div>\n<div dir=\"auto\">Ralf Reschke<\/div>\n<\/div>\n<div class=\"cxmmr5t8 oygrvhab hcukyx3x c1et5uql o9v6fnle ii04i59q\">\n<div dir=\"auto\" style=\"text-align: center;\">Telefon: 0173\/ 6008510<\/div>\n<div dir=\"auto\" style=\"text-align: center;\">E-mail: zur_pferdetraenke_krummin@hotmail.de<\/div>\n<\/div>\n<\/div><\/section>\n","protected":false},"excerpt":{"rendered":"","protected":false},"author":1,"featured_media":0,"parent":0,"menu_order":0,"comment_status":"closed","ping_status":"closed","template":"","meta":{"footnotes":""},"class_list":["post-13371","page","type-page","status-publish","hentry"],"_links":{"self":[{"href":"https:\/\/www.xn--pferdetrnke-krummin-nwb.de\/index.php?rest_route=\/wp\/v2\/pages\/13371","targetHints":{"allow":["GET"]}}],"collection":[{"href":"https:\/\/www.xn--pferdetrnke-krummin-nwb.de\/index.php?rest_route=\/wp\/v2\/pages"}],"about":[{"href":"https:\/\/www.xn--pferdetrnke-krummin-nwb.de\/index.php?rest_route=\/wp\/v2\/types\/page"}],"author":[{"embeddable":true,"href":"https:\/\/www.xn--pferdetrnke-krummin-nwb.de\/index.php?rest_route=\/wp\/v2\/users\/1"}],"replies":[{"embeddable":true,"href":"https:\/\/www.xn--pferdetrnke-krummin-nwb.de\/index.php?rest_route=%2Fwp%2Fv2%2Fcomments&post=13371"}],"version-history":[{"count":4,"href":"https:\/\/www.xn--pferdetrnke-krummin-nwb.de\/index.php?rest_route=\/wp\/v2\/pages\/13371\/revisions"}],"predecessor-version":[{"id":13379,"href":"https:\/\/www.xn--pferdetrnke-krummin-nwb.de\/index.php?rest_route=\/wp\/v2\/pages\/13371\/revisions\/13379"}],"wp:attachment":[{"href":"https:\/\/www.xn--pferdetrnke-krummin-nwb.de\/index.php?rest_route=%2Fwp%2Fv2%2Fmedia&parent=13371"}],"curies":[{"name":"wp","href":"https:\/\/api.w.org\/{rel}","templated":true}]}}