{"id":255,"date":"2016-05-23T10:30:24","date_gmt":"2016-05-23T10:30:24","guid":{"rendered":"http:\/\/test.kriesi.at\/enfold-health-coach\/?page_id=255"},"modified":"2025-04-18T14:36:27","modified_gmt":"2025-04-18T12:36:27","slug":"contact","status":"publish","type":"page","link":"https:\/\/www.xn--pferdetrnke-krummin-nwb.de\/?page_id=255","title":{"rendered":"Viele Wege f\u00fchren zu uns!"},"content":{"rendered":"\n<style type=\"text\/css\" data-created_by=\"avia_inline_auto\" id=\"style-css-av-k3dv3-eb1660e5daf47163f05c2d7acc475eb3\">\n.flex_column.av-k3dv3-eb1660e5daf47163f05c2d7acc475eb3{\nborder-radius:0px 0px 0px 0px;\npadding:0px 0px 0px 0px;\n}\n<\/style>\n<div  class='flex_column av-k3dv3-eb1660e5daf47163f05c2d7acc475eb3 av_one_fifth  avia-builder-el-0  el_before_av_one_third  avia-builder-el-first  first flex_column_div av-zero-column-padding  '     ><\/div>\n\n<style type=\"text\/css\" data-created_by=\"avia_inline_auto\" id=\"style-css-av-hbmtb-e4c085204258b8feaf255741c20f5716\">\n.flex_column.av-hbmtb-e4c085204258b8feaf255741c20f5716{\nborder-radius:0px 0px 0px 0px;\npadding:0px 0px 0px 0px;\n}\n<\/style>\n<div  class='flex_column av-hbmtb-e4c085204258b8feaf255741c20f5716 av_one_third  avia-builder-el-1  el_after_av_one_fifth  el_before_av_one_third  flex_column_div av-zero-column-padding  '     ><p>\n<style type=\"text\/css\" data-created_by=\"avia_inline_auto\" id=\"style-css-av-kbf7jsgw-798f39fe8b4ec6eb4e0d1d1f8c407025\">\n#top .hr.hr-invisible.av-kbf7jsgw-798f39fe8b4ec6eb4e0d1d1f8c407025{\nheight:50px;\n}\n<\/style>\n<div  class='hr av-kbf7jsgw-798f39fe8b4ec6eb4e0d1d1f8c407025 hr-invisible  avia-builder-el-2  el_before_av_image  avia-builder-el-first '><span class='hr-inner '><span class=\"hr-inner-style\"><\/span><\/span><\/div><br \/>\n\n<style type=\"text\/css\" data-created_by=\"avia_inline_auto\" id=\"style-css-av-kbf13uec-78f4b7d25b26b7e7c97d2d1c600eca60\">\n.avia-image-container.av-kbf13uec-78f4b7d25b26b7e7c97d2d1c600eca60 img.avia_image{\nbox-shadow:none;\n}\n.avia-image-container.av-kbf13uec-78f4b7d25b26b7e7c97d2d1c600eca60 .av-image-caption-overlay-center{\ncolor:#ffffff;\n}\n<\/style>\n<div  class='avia-image-container av-kbf13uec-78f4b7d25b26b7e7c97d2d1c600eca60 av-styling- av-hover-grow av-hide-overflow avia_animated_image av-animated-when-visible-95 fade-in avia-align-center  avia-builder-el-3  el_after_av_hr  avia-builder-el-last '   itemprop=\"image\" itemscope=\"itemscope\" itemtype=\"https:\/\/schema.org\/ImageObject\" ><div class=\"avia-image-container-inner\"><div class=\"avia-image-overlay-wrap\"><img decoding=\"async\" fetchpriority=\"high\" class='wp-image- avia-img-lazy-loading-not- avia_image ' src=\"https:\/\/www.xn--pferdetrnke-krummin-nwb.de\/wp-content\/uploads\/2020\/06\/Karte-Tour-1.png\" alt='' title=''   itemprop=\"thumbnailUrl\"  \/><\/div><\/div><\/div><\/p><\/div>\n\n<style type=\"text\/css\" data-created_by=\"avia_inline_auto\" id=\"style-css-av-8jwav-3add2060b2a37aba1839fb432737be28\">\n.flex_column.av-8jwav-3add2060b2a37aba1839fb432737be28{\nborder-radius:0px 0px 0px 0px;\npadding:0px 0px 0px 0px;\n}\n<\/style>\n<div  class='flex_column av-8jwav-3add2060b2a37aba1839fb432737be28 av_one_third  avia-builder-el-4  el_after_av_one_third  el_before_av_hr  flex_column_div av-zero-column-padding  '     ><section  class='av_textblock_section av-kbf2ijjg-55e112541dc8a50efef7ec49799f4509 '   itemscope=\"itemscope\" itemtype=\"https:\/\/schema.org\/CreativeWork\" ><div class='avia_textblock'  itemprop=\"text\" ><p>Krummin befindet sich im Nordwesten der Sonneninsel Usedom.\u00a0 Der Ort liegt direkt an einer Ausbuchtung des Peenestrom dem Krumminer Wiek. Sie finden uns in der Dorfstra\u00dfe 31 unweit der Kirche.<\/p>\n<p>\u00dcber die B 111 aus Zinnowitz oder oder Wolgast \u00fcber eine malerische Lindenallee mit dem Auto zu erreichen.<\/p>\n<p>Mit dem Fahrrad oder zu Fu\u00df kann man uns aus vielen Richtungen \u00fcber kleine ruhige Stra\u00dfen oder Wege erreichen.<\/p>\n<p>Nat\u00fcrlich k\u00f6nnen Sie uns auch mit der Usedomer B\u00e4derbahn mit Bus und Bahn erreichen &#8211; hierzu erkundigen Sie sich auf der UBB Internetseite bitte.<\/p>\n<\/div><\/section><\/div>\n<div  class='hr av-lsutr-7e8c2bdb20656b555a1cc7a34e159500 hr-default  avia-builder-el-6  el_after_av_one_third  el_before_av_one_fifth '><span class='hr-inner '><span class=\"hr-inner-style\"><\/span><\/span><\/div>\n\n<style type=\"text\/css\" data-created_by=\"avia_inline_auto\" id=\"style-css-av-ecmyn-5097c415d92457a7bab69114129529e9\">\n.flex_column.av-ecmyn-5097c415d92457a7bab69114129529e9{\nborder-radius:0px 0px 0px 0px;\npadding:0px 0px 0px 0px;\n}\n<\/style>\n<div  class='flex_column av-ecmyn-5097c415d92457a7bab69114129529e9 av_one_fifth  avia-builder-el-7  el_after_av_hr  el_before_av_two_third  first flex_column_div av-zero-column-padding  '     ><\/div>\n\n<style type=\"text\/css\" data-created_by=\"avia_inline_auto\" id=\"style-css-av-6kufj-e4e2fc661a01a636977e0c934cb79b6e\">\n.flex_column.av-6kufj-e4e2fc661a01a636977e0c934cb79b6e{\nborder-radius:0px 0px 0px 0px;\npadding:0px 0px 0px 0px;\n}\n<\/style>\n<div  class='flex_column av-6kufj-e4e2fc661a01a636977e0c934cb79b6e av_two_third  avia-builder-el-8  el_after_av_one_fifth  el_before_av_one_full  flex_column_div av-zero-column-padding  '     ><style type=\"text\/css\" data-created_by=\"avia_inline_auto\" id=\"style-css-av-f5f87-abcc25c821af490b3081afbe4b2816f3\">\n#top .av-special-heading.av-f5f87-abcc25c821af490b3081afbe4b2816f3{\npadding-bottom:10px;\ncolor:#0d457a;\n}\nbody .av-special-heading.av-f5f87-abcc25c821af490b3081afbe4b2816f3 .av-special-heading-tag .heading-char{\nfont-size:25px;\n}\n.av-special-heading.av-f5f87-abcc25c821af490b3081afbe4b2816f3 .special-heading-inner-border{\nborder-color:#0d457a;\n}\n.av-special-heading.av-f5f87-abcc25c821af490b3081afbe4b2816f3 .av-subheading{\nfont-size:15px;\n}\n<\/style>\n<div  class='av-special-heading av-f5f87-abcc25c821af490b3081afbe4b2816f3 av-special-heading-h1 custom-color-heading blockquote modern-quote modern-centered  avia-builder-el-9  avia-builder-el-no-sibling '><h1 class='av-special-heading-tag '  itemprop=\"headline\"  >Unser Tip f\u00fcr eine gem\u00fctliche Radtour!<\/h1><div class=\"special-heading-border\"><div class=\"special-heading-inner-border\"><\/div><\/div><\/div><\/div>\n\n<style type=\"text\/css\" data-created_by=\"avia_inline_auto\" id=\"style-css-av-9c4i7-2c75855cda0ef86776ce1c3ccb1c13b1\">\n.flex_column.av-9c4i7-2c75855cda0ef86776ce1c3ccb1c13b1{\nborder-radius:0px 0px 0px 0px;\npadding:0px 0px 0px 0px;\n}\n<\/style>\n<div  class='flex_column av-9c4i7-2c75855cda0ef86776ce1c3ccb1c13b1 av_one_full  avia-builder-el-10  el_after_av_two_third  el_before_av_hr  first flex_column_div av-zero-column-padding  column-top-margin'     ><style type=\"text\/css\" data-created_by=\"avia_inline_auto\" id=\"style-css-av-kbf56f2f-7e06004cada2c917a29b37af9afa3d77\">\n.avia-timeline-container.av-kbf56f2f-7e06004cada2c917a29b37af9afa3d77 .av-milestone-date{\nfont-size:,;\n}\n<\/style>\n<div  id=\"avia-timeline-1\"  class='avia-timeline-container av-kbf56f2f-7e06004cada2c917a29b37af9afa3d77 av-slideshow-ui  avia-builder-el-11  avia-builder-el-no-sibling  avia-slideshow-carousel' avia-data-slides='5'><ul class='avia-timeline avia-timeline-horizontal av-milestone-placement-alternate avia-timeline-boxshadow avia_animate_when_almost_visible avia-timeline-animate'>\n<li  class='av-milestone av-hhww7-0964dfdc53f464b09726459f3bfc1a09 av-animated-generic fade-in av-milestone-odd'><h2 class='av-milestone-date ' id='milestone-wolgast' ><strong>Wolgast<span class='av-milestone-indicator'><\/span><\/strong><\/h2><div class=\"av-milestone-icon-wrap\"><span class='av-milestone-icon milestone_icon avia-font-entypo-fontello'><span class='av-milestone-icon-inner milestone_inner'><i class='milestone-char avia-iconfont avia-font-entypo-fontello' data-av_icon='' data-av_iconfont='entypo-fontello' ><\/i><\/span><\/span><\/div><article class='av-milestone-content-wrap'><div class='av-milestone-contentbox'><header class=\"entry-content-header\" aria-label=\"Milestone: Historische Altstadt ,Museumshafen\"><h4 class='av-milestone-title '>Historische Altstadt ,Museumshafen<\/h4><\/header><div class='av-milestone-content'><\/div><\/div><footer class='av-milestone-article-footer entry-footer'><\/footer><\/article><\/li>\n<li  class='av-milestone av-owv8f-ec2de9d6d71623829db922da84ce85c8 av-animated-generic fade-in av-milestone-even'><article class='av-milestone-content-wrap'><div class='av-milestone-contentbox'><header class=\"entry-content-header\" aria-label=\"Milestone: Sauzin liegt auf der Usedomer Halbinsel Wolgaster Ort\"><h4 class='av-milestone-title '>Sauzin liegt auf der Usedomer Halbinsel Wolgaster Ort<\/h4><\/header><div class='av-milestone-content'><\/div><\/div><footer class='av-milestone-article-footer entry-footer'><\/footer><\/article><div class=\"av-milestone-icon-wrap\"><span class='av-milestone-icon milestone_icon avia-font-entypo-fontello'><span class='av-milestone-icon-inner milestone_inner'><i class='milestone-char avia-iconfont avia-font-entypo-fontello' data-av_icon='\ue837' data-av_iconfont='entypo-fontello' ><\/i><\/span><\/span><\/div><h2 class='av-milestone-date ' id='milestone-sauzin' ><strong>Sauzin<span class='av-milestone-indicator'><\/span><\/strong><\/h2><\/li>\n<li  class='av-milestone av-2d83j-6f9f5fb9485f366e662c6ce2542e529f av-animated-generic fade-in av-milestone-odd'><h2 class='av-milestone-date ' id='milestone-ziemitz' ><strong>Ziemitz<span class='av-milestone-indicator'><\/span><\/strong><\/h2><div class=\"av-milestone-icon-wrap\"><span class='av-milestone-icon milestone_icon avia-font-entypo-fontello'><span class='av-milestone-icon-inner milestone_inner'><i class='milestone-char avia-iconfont avia-font-entypo-fontello' data-av_icon='\ue841' data-av_iconfont='entypo-fontello' ><\/i><\/span><\/span><\/div><article class='av-milestone-content-wrap'><div class='av-milestone-contentbox'><header class=\"entry-content-header\" aria-label=\"Milestone: dann zur\u00fcck nach Sauzin\"><h4 class='av-milestone-title '>dann zur\u00fcck nach Sauzin<\/h4><\/header><div class='av-milestone-content'><\/div><\/div><footer class='av-milestone-article-footer entry-footer'><\/footer><\/article><\/li>\n<li  class='av-milestone av-fwrsn-48f53f7cb635b5cd1bf2bae2ebad3ce6 av-animated-generic fade-in av-milestone-even'><article class='av-milestone-content-wrap'><div class='av-milestone-contentbox'><header class=\"entry-content-header\" aria-label=\"Milestone: Bauern- &amp; Fischerdorf am Krumminer Wieck\"><h4 class='av-milestone-title '>Bauern- &amp; Fischerdorf am Krumminer Wieck<\/h4><\/header><div class='av-milestone-content'><\/div><\/div><footer class='av-milestone-article-footer entry-footer'><\/footer><\/article><div class=\"av-milestone-icon-wrap\"><span class='av-milestone-icon milestone_icon avia-font-entypo-fontello'><span class='av-milestone-icon-inner milestone_inner'><i class='milestone-char avia-iconfont avia-font-entypo-fontello' data-av_icon='\ue837' data-av_iconfont='entypo-fontello' ><\/i><\/span><\/span><\/div><h2 class='av-milestone-date ' id='milestone-neeberg' ><strong>Neeberg<span class='av-milestone-indicator'><\/span><\/strong><\/h2><\/li>\n<li  class='av-milestone av-lts07-4ec699dd53ca23c70f22ed147da50138 av-animated-generic fade-in av-milestone-odd'><h2 class='av-milestone-date ' id='milestone-krummin' ><strong>Krummin<span class='av-milestone-indicator'><\/span><\/strong><\/h2><div class=\"av-milestone-icon-wrap\"><span class='av-milestone-icon milestone_icon avia-font-entypo-fontello'><span class='av-milestone-icon-inner milestone_inner'><i class='milestone-char avia-iconfont avia-font-entypo-fontello' data-av_icon='\ue83f' data-av_iconfont='entypo-fontello' ><\/i><\/span><\/span><\/div><article class='av-milestone-content-wrap'><div class='av-milestone-contentbox'><header class=\"entry-content-header\" aria-label=\"Milestone: zur St\u00e4rkung in die Pferdetr\u00e4nke\"><h4 class='av-milestone-title '>zur St\u00e4rkung in die Pferdetr\u00e4nke<\/h4><\/header><div class='av-milestone-content'><\/div><\/div><footer class='av-milestone-article-footer entry-footer'><\/footer><\/article><\/li>\n<li  class='av-milestone av-8q07j-b9378838b3c06e50257c0b1b1169d337 av-animated-generic fade-in av-milestone-even'><article class='av-milestone-content-wrap'><div class='av-milestone-contentbox'><header class=\"entry-content-header\" aria-label=\"Milestone: kleiner Ort auf der Usedomer Halbinsel Gnitz\"><h4 class='av-milestone-title '>kleiner Ort auf der Usedomer Halbinsel Gnitz<\/h4><\/header><div class='av-milestone-content'><\/div><\/div><footer class='av-milestone-article-footer entry-footer'><\/footer><\/article><div class=\"av-milestone-icon-wrap\"><span class='av-milestone-icon milestone_icon avia-font-entypo-fontello'><span class='av-milestone-icon-inner milestone_inner'><i class='milestone-char avia-iconfont avia-font-entypo-fontello' data-av_icon='\ue841' data-av_iconfont='entypo-fontello' ><\/i><\/span><\/span><\/div><h2 class='av-milestone-date ' id='milestone-luetow' ><strong>L\u00fctow<span class='av-milestone-indicator'><\/span><\/strong><\/h2><\/li>\n<li  class='av-milestone av-8cbxb-d1fd821e42ea0270ddb317098d27e8f7 av-animated-generic fade-in av-milestone-odd'><h2 class='av-milestone-date ' id='milestone-zinnowitz' ><strong>Zinnowitz<span class='av-milestone-indicator'><\/span><\/strong><\/h2><div class=\"av-milestone-icon-wrap\"><span class='av-milestone-icon milestone_icon avia-font-entypo-fontello'><span class='av-milestone-icon-inner milestone_inner'><i class='milestone-char avia-iconfont avia-font-entypo-fontello' data-av_icon='\ue841' data-av_iconfont='entypo-fontello' ><\/i><\/span><\/span><\/div><article class='av-milestone-content-wrap'><div class='av-milestone-contentbox'><header class=\"entry-content-header\" aria-label=\"Milestone: die Seebr\u00fccke und der Strand erwarten Sie\"><h4 class='av-milestone-title '>die Seebr\u00fccke und der Strand erwarten Sie<\/h4><\/header><div class='av-milestone-content'><\/div><\/div><footer class='av-milestone-article-footer entry-footer'><\/footer><\/article><\/li>\n<\/ul><div class='avia-slideshow-arrows avia-slideshow-controls av-timeline-nav ' ><a href='#prev' class='prev-slide prev-slide av-timeline-nav-prev av-nav-btn avia-svg-icon avia-font-svg_entypo-fontello' data-av_svg_icon='left-open-big' data-av_iconset='svg_entypo-fontello' tabindex='-1' title=\"Zur\u00fcck\"><svg version=\"1.1\" xmlns=\"http:\/\/www.w3.org\/2000\/svg\" width=\"15\" height=\"32\" viewBox=\"0 0 15 32\" preserveAspectRatio=\"xMidYMid meet\" aria-labelledby='av-svg-title-1' aria-describedby='av-svg-desc-1' role=\"graphics-symbol\" aria-hidden=\"true\">\n<title id='av-svg-title-1'>Zur\u00fcck<\/title>\n<desc id='av-svg-desc-1'>Zur\u00fcck<\/desc>\n<path d=\"M14.464 27.84q0.832 0.832 0 1.536-0.832 0.832-1.536 0l-12.544-12.608q-0.768-0.768 0-1.6l12.544-12.608q0.704-0.832 1.536 0 0.832 0.704 0 1.536l-11.456 11.904z\"><\/path>\n<\/svg><span class='avia_hidden_link_text'>Zur\u00fcck<\/span><\/a><a href='#next' class='next-slide next-slide av-timeline-nav-next av-nav-btn avia-svg-icon avia-font-svg_entypo-fontello' data-av_svg_icon='right-open-big' data-av_iconset='svg_entypo-fontello' tabindex='-1' title=\"Weiter\"><svg version=\"1.1\" xmlns=\"http:\/\/www.w3.org\/2000\/svg\" width=\"15\" height=\"32\" viewBox=\"0 0 15 32\" preserveAspectRatio=\"xMidYMid meet\" aria-labelledby='av-svg-title-2' aria-describedby='av-svg-desc-2' role=\"graphics-symbol\" aria-hidden=\"true\">\n<title id='av-svg-title-2'>Weiter<\/title>\n<desc id='av-svg-desc-2'>Weiter<\/desc>\n<path d=\"M0.416 27.84l11.456-11.84-11.456-11.904q-0.832-0.832 0-1.536 0.832-0.832 1.536 0l12.544 12.608q0.768 0.832 0 1.6l-12.544 12.608q-0.704 0.832-1.536 0-0.832-0.704 0-1.536z\"><\/path>\n<\/svg><span class='avia_hidden_link_text'>Weiter<\/span><\/a><\/div><\/div><\/div>\n<div  class='hr av-lsutr-3-9d13f4b6ea734bdb3e61aca97fda484a hr-default  avia-builder-el-12  el_after_av_one_full  el_before_av_one_fifth '><span class='hr-inner '><span class=\"hr-inner-style\"><\/span><\/span><\/div>\n\n<style type=\"text\/css\" data-created_by=\"avia_inline_auto\" id=\"style-css-av-ecmyn-2-e7aef706e4c325964d4ae1a28d9b12a7\">\n.flex_column.av-ecmyn-2-e7aef706e4c325964d4ae1a28d9b12a7{\nborder-radius:0px 0px 0px 0px;\npadding:0px 0px 0px 0px;\n}\n<\/style>\n<div  class='flex_column av-ecmyn-2-e7aef706e4c325964d4ae1a28d9b12a7 av_one_fifth  avia-builder-el-13  el_after_av_hr  el_before_av_two_third  first flex_column_div av-zero-column-padding  '     ><\/div>\n\n<style type=\"text\/css\" data-created_by=\"avia_inline_auto\" id=\"style-css-av-6kufj-1-818f908272e29cc08aefe0fcda6d0af5\">\n.flex_column.av-6kufj-1-818f908272e29cc08aefe0fcda6d0af5{\nborder-radius:0px 0px 0px 0px;\npadding:0px 0px 0px 0px;\n}\n<\/style>\n<div  class='flex_column av-6kufj-1-818f908272e29cc08aefe0fcda6d0af5 av_two_third  avia-builder-el-14  el_after_av_one_fifth  avia-builder-el-last  flex_column_div av-zero-column-padding  '     ><p>\n<style type=\"text\/css\" data-created_by=\"avia_inline_auto\" id=\"style-css-av-kbf7lg69-09b800860ca2f606f7bb7794b5cc84df\">\n#top .av-special-heading.av-kbf7lg69-09b800860ca2f606f7bb7794b5cc84df{\npadding-bottom:10px;\ncolor:#0d457a;\n}\nbody .av-special-heading.av-kbf7lg69-09b800860ca2f606f7bb7794b5cc84df .av-special-heading-tag .heading-char{\nfont-size:25px;\n}\n.av-special-heading.av-kbf7lg69-09b800860ca2f606f7bb7794b5cc84df .special-heading-inner-border{\nborder-color:#0d457a;\n}\n.av-special-heading.av-kbf7lg69-09b800860ca2f606f7bb7794b5cc84df .av-subheading{\nfont-size:15px;\n}\n<\/style>\n<div  class='av-special-heading av-kbf7lg69-09b800860ca2f606f7bb7794b5cc84df av-special-heading-h1 custom-color-heading blockquote modern-quote modern-centered  avia-builder-el-15  el_before_av_google_map  avia-builder-el-no-sibling '><h1 class='av-special-heading-tag '  itemprop=\"headline\"  >Aus der Vogelperspektive&#8230;<\/h1><div class=\"special-heading-border\"><div class=\"special-heading-inner-border\"><\/div><\/div><\/div><br \/>\n<div  class='av_gmaps_sc_main_wrap av_gmaps_main_wrap '><div id='av_gmap_0' class='avia-google-map-container avia-google-map-sc av_gmaps_show_unconditionally av-no-fallback-img ' data-mapid='av_gmap_0'  style='height: 600px;'><a class=\"av_gmaps_browser_disabled av_text_confirm_link av_text_confirm_link_visible\" href=\"https:\/\/www.google.com\/maps\/search\/?api=1&#038;query=Dorfstra\u00dfe%2031%2017440%20Krummin%2017440%20Krummin\" target=\"_blank\">Aufgrund deiner Datenschutz-Einstellungen k\u00f6nnen wir Ihnen die Karte nicht anzeigen. Klicken Sie hier, um die Karte in einem neuen Fenster zu \u00f6ffnen.<\/a><\/div><\/div><\/p><\/div>\n","protected":false},"excerpt":{"rendered":"","protected":false},"author":1,"featured_media":0,"parent":0,"menu_order":0,"comment_status":"closed","ping_status":"closed","template":"","meta":{"footnotes":""},"class_list":["post-255","page","type-page","status-publish","hentry"],"_links":{"self":[{"href":"https:\/\/www.xn--pferdetrnke-krummin-nwb.de\/index.php?rest_route=\/wp\/v2\/pages\/255","targetHints":{"allow":["GET"]}}],"collection":[{"href":"https:\/\/www.xn--pferdetrnke-krummin-nwb.de\/index.php?rest_route=\/wp\/v2\/pages"}],"about":[{"href":"https:\/\/www.xn--pferdetrnke-krummin-nwb.de\/index.php?rest_route=\/wp\/v2\/types\/page"}],"author":[{"embeddable":true,"href":"https:\/\/www.xn--pferdetrnke-krummin-nwb.de\/index.php?rest_route=\/wp\/v2\/users\/1"}],"replies":[{"embeddable":true,"href":"https:\/\/www.xn--pferdetrnke-krummin-nwb.de\/index.php?rest_route=%2Fwp%2Fv2%2Fcomments&post=255"}],"version-history":[{"count":3,"href":"https:\/\/www.xn--pferdetrnke-krummin-nwb.de\/index.php?rest_route=\/wp\/v2\/pages\/255\/revisions"}],"predecessor-version":[{"id":13420,"href":"https:\/\/www.xn--pferdetrnke-krummin-nwb.de\/index.php?rest_route=\/wp\/v2\/pages\/255\/revisions\/13420"}],"wp:attachment":[{"href":"https:\/\/www.xn--pferdetrnke-krummin-nwb.de\/index.php?rest_route=%2Fwp%2Fv2%2Fmedia&parent=255"}],"curies":[{"name":"wp","href":"https:\/\/api.w.org\/{rel}","templated":true}]}}